{"id":98,"date":"2021-10-05T14:21:35","date_gmt":"2021-10-05T12:21:35","guid":{"rendered":"https:\/\/www.resilient-group.eu\/?page_id=98"},"modified":"2024-03-20T13:01:12","modified_gmt":"2024-03-20T12:01:12","slug":"teched","status":"publish","type":"page","link":"https:\/\/www.resilient-group.eu\/de\/teched\/","title":{"rendered":"Resilient TechEd \/ ReLoAd \ud83d\ude80"},"content":{"rendered":"\n<p>Wir, die Teched, stehen f\u00fcr innovatives Lernen und innovative Lernsysteme, die ein absolutes Upgrade zu den herk\u00f6mmlichen Schul- und Studienmethoden, sowie in der Erwachsenenbildung bieten. Dies bedeutet, dass jeder Nutzer seine individuelle, auf ihn angepasste Lernerfahrung erleben kann. Unser Ziel ist es, ein optimales Ergebnis f\u00fcr unsere Nutzer zu erschaffen. Wir wollen das Lernen in einer zeitgem\u00e4\u00dfen Lernumgebung des 21. Jahrhunderts neu denken und strukturieren.<\/p>\n\n\n\n<p>Unserer Vision gem\u00e4\u00df stellen wir ma\u00dfgeschneiderte L\u00f6sungen f\u00fcr den jeweiligen Lerntyp, sowie individuelle Lerngeschwindigkeiten bereit, anstatt Nutzer undifferenziert durch die Lerninhalte zu f\u00fchren. Durch die Kombination von visuellen, auditiven und motorischen Elementen, bieten wir eine einzigartige Erfahrung, die den Nutzer bestm\u00f6glich f\u00f6rdert und motiviert. Die Aktivierung mehrerer Sinne steigert die Aufnahme und Verinnerlichung von Wissen. Ebenso hilft es dabei, das bereits Erlernte zu festigen, indem auf die Vorlieben bei der bevorzugten Art zu lernen eingegangen wird. Unsere Produkte richten sich stets nach dem Nutzen f\u00fcr den Lernenden. Studien, unter anderem von Hackathorn et al, belegen, dass die Ausf\u00fchrung einer T\u00e4tigkeit den besten Lernerfolg sichert. Durch die Simulation einer interaktiven Umgebung kommen wir dem realen Umfeld so nah wie m\u00f6glich und k\u00f6nnen die Effektivit\u00e4t des rein theoretischen Unterrichtes steigern. Anstatt auf die herk\u00f6mmlichen Standardmethoden zu setzen, welche nach dem Prinzip des allgemein gehaltenen Lernentwurfs funktionieren. Wir verlassen bewusst die traditionellen Pfade der allgemein gehaltenen Lernentw\u00fcrfe. Anstatt auf die Standardmethoden in der Weiterbildung zu setzen, experimentieren *wir* mit neuen wissenschaftlich gest\u00fctzten Ideen. Unsere Vision ist es, die Lern- und Lehrmethoden in der Weiterbildung durch unsere innovativen und personalisierten Produkte zu erg\u00e4nzen. Erfolgreiches Lernen und Lehren wird mit unseren Programmen weder ein Hexenwerk noch eine Schwerstarbeit sein, weswegen f\u00fcr uns Aspekte wie Kurzweile und Spa\u00df am Weiterbilden wichtig sind. Wir sind der Meinung, dass sich unsere verbundene und digitale Welt auch in der individuellen Lernerfahrung widerspiegeln muss. Es ist zudem wichtig f\u00fcr einen nachhaltigen Lernerfolg, dass das Produkt Freude bereitet. Unserer Produkte machen deshalb Spa\u00df, sind intuitiv und zaubern ein L\u00e4cheln auf das Gesicht des Lernenden. Daf\u00fcr stehen wir und daf\u00fcr treten wir ein. Denn Bildung ist f\u00fcr uns nicht nur irgendein Produkt, sondern eine Herzensangelegenheit!<\/p>\n\n\n\n<p>Vollst\u00e4ndig digitalisierte Lerninhalte werden durch unser Produkt an plastischen Beispielen erlebbar. Unser Gehirn unterscheidet nicht zwischen direkten Erfahrungen und Erfahrungen aus dem Spiel. Auf dieser Erkenntnis bauen wir auf. So bieten wir mit ReLoAd die M\u00f6glichkeit elektronische Schaltungen in einer VR Umgebung, basierend auf Minecraft, spielend zu erlernen. Das erlernte Wissen wird hierdurch nicht nur gest\u00e4rkt, sondern durch die Art und Weise des Aneignens auch deutlich nachhaltiger verankert.<\/p>\n\n\n\n<p>Netzwerke werden nicht nur mit Schaltungen geschaffen: Mit ReLoAd k\u00f6nnen mehrere Personen in Echtzeit gemeinsam an Aufgaben und Schaltungen arbeiten. Aus diesem Grund k\u00f6nnen gemeinsam mit anderen Nutzern verschiedene Lerngruppen gebildet oder Lehrinhalte durch den Lehrenden vermittelt werden. Projekte k\u00f6nnen somit kooperativ und zielgerichtet \u00fcber jegliche Distanz hinweg angegangen werden. Dank des gemeinsamen Interagierens wird jeder automatisch zum Lehrenden und findet sich auch gleichzeitig in einer Lernrolle wieder. Als Lehrender lernt man bekanntlich meist noch mehr als der Lernende selbst. Von dieser wichtigen Erkenntnis profitieren unsere Nutzer im ReLoAd-*Netzwerk.*<\/p>\n\n\n\n<p class=\"has-text-align-left\">Du kannst mit unserem Produkten orts- und zeitunabh\u00e4ngig lernen. Somit kannst Du jederzeit spontan dort weitermachen, wo Du vorher aufgeh\u00f6rt hast. Wir entwickeln ReLoAd stetig weiter, um die kompletten Grundlagen der Digitaltechnik auf Hochschulniveau zur Verf\u00fcgung zu stellen und eine ideale Lernerfahrung zu gew\u00e4hrleisten. Hol Dir also Dein ultimatives Lern-Upgrade bei Teched! Denn wir sind DIE Innovationsgeber in der Erwachsenenbildung!<\/p>\n","protected":false},"excerpt":{"rendered":"<p>Wir, die Teched, stehen f\u00fcr innovatives Lernen und innovative Lernsysteme, die ein absolutes Upgrade zu den herk\u00f6mmlichen Schul- und Studienmethoden, sowie in der Erwachsenenbildung bieten. Dies bedeutet, dass jeder Nutzer seine individuelle, auf ihn angepasste Lernerfahrung erleben kann. Unser Ziel ist es, ein optimales Ergebnis f\u00fcr unsere Nutzer zu erschaffen. Wir wollen das Lernen in [&hellip;]<\/p>\n","protected":false},"author":1,"featured_media":99,"parent":0,"menu_order":0,"comment_status":"closed","ping_status":"closed","template":"tmpl_rg_page.php","meta":{"footnotes":""},"class_list":["post-98","page","type-page","status-publish","has-post-thumbnail","hentry"],"yoast_head":"<!-- This site is optimized with the Yoast SEO plugin v20.12 - https:\/\/yoast.com\/wordpress\/plugins\/seo\/ -->\n<title>Resilient TechEd \/ ReLoAd \ud83d\ude80 - Resilient Group<\/title>\n<meta name=\"robots\" content=\"index, follow, max-snippet:-1, max-image-preview:large, max-video-preview:-1\" \/>\n<link rel=\"canonical\" href=\"https:\/\/www.resilient-group.eu\/de\/teched\/\" \/>\n<meta property=\"og:locale\" content=\"de_DE\" \/>\n<meta property=\"og:type\" content=\"article\" \/>\n<meta property=\"og:title\" content=\"Resilient TechEd \/ ReLoAd \ud83d\ude80 - Resilient Group\" \/>\n<meta property=\"og:description\" content=\"Wir, die Teched, stehen f\u00fcr innovatives Lernen und innovative Lernsysteme, die ein absolutes Upgrade zu den herk\u00f6mmlichen Schul- und Studienmethoden, sowie in der Erwachsenenbildung bieten. Dies bedeutet, dass jeder Nutzer seine individuelle, auf ihn angepasste Lernerfahrung erleben kann. Unser Ziel ist es, ein optimales Ergebnis f\u00fcr unsere Nutzer zu erschaffen. Wir wollen das Lernen in [&hellip;]\" \/>\n<meta property=\"og:url\" content=\"https:\/\/www.resilient-group.eu\/de\/teched\/\" \/>\n<meta property=\"og:site_name\" content=\"Resilient Group\" \/>\n<meta property=\"article:modified_time\" content=\"2024-03-20T12:01:12+00:00\" \/>\n<meta property=\"og:image\" content=\"https:\/\/www.resilient-group.eu\/wp-content\/uploads\/2021\/10\/Illustration-Teched.png\" \/>\n\t<meta property=\"og:image:width\" content=\"1126\" \/>\n\t<meta property=\"og:image:height\" content=\"1151\" \/>\n\t<meta property=\"og:image:type\" content=\"image\/png\" \/>\n<meta name=\"twitter:card\" content=\"summary_large_image\" \/>\n<meta name=\"twitter:label1\" content=\"Gesch\u00e4tzte Lesezeit\" \/>\n\t<meta name=\"twitter:data1\" content=\"4\u00a0Minuten\" \/>\n<script type=\"application\/ld+json\" class=\"yoast-schema-graph\">{\"@context\":\"https:\/\/schema.org\",\"@graph\":[{\"@type\":\"WebPage\",\"@id\":\"https:\/\/www.resilient-group.eu\/de\/teched\/\",\"url\":\"https:\/\/www.resilient-group.eu\/de\/teched\/\",\"name\":\"Resilient TechEd \/ ReLoAd \ud83d\ude80 - Resilient Group\",\"isPartOf\":{\"@id\":\"https:\/\/www.resilient-group.eu\/de\/#website\"},\"datePublished\":\"2021-10-05T12:21:35+00:00\",\"dateModified\":\"2024-03-20T12:01:12+00:00\",\"breadcrumb\":{\"@id\":\"https:\/\/www.resilient-group.eu\/de\/teched\/#breadcrumb\"},\"inLanguage\":\"de\",\"potentialAction\":[{\"@type\":\"ReadAction\",\"target\":[\"https:\/\/www.resilient-group.eu\/de\/teched\/\"]}]},{\"@type\":\"BreadcrumbList\",\"@id\":\"https:\/\/www.resilient-group.eu\/de\/teched\/#breadcrumb\",\"itemListElement\":[{\"@type\":\"ListItem\",\"position\":1,\"name\":\"Startseite\",\"item\":\"https:\/\/www.resilient-group.eu\/de\/\"},{\"@type\":\"ListItem\",\"position\":2,\"name\":\"Resilient TechEd \/ ReLoAd \ud83d\ude80\"}]},{\"@type\":\"WebSite\",\"@id\":\"https:\/\/www.resilient-group.eu\/de\/#website\",\"url\":\"https:\/\/www.resilient-group.eu\/de\/\",\"name\":\"Resilient Group\",\"description\":\"\",\"publisher\":{\"@id\":\"https:\/\/www.resilient-group.eu\/de\/#organization\"},\"potentialAction\":[{\"@type\":\"SearchAction\",\"target\":{\"@type\":\"EntryPoint\",\"urlTemplate\":\"https:\/\/www.resilient-group.eu\/de\/?s={search_term_string}\"},\"query-input\":\"required name=search_term_string\"}],\"inLanguage\":\"de\"},{\"@type\":\"Organization\",\"@id\":\"https:\/\/www.resilient-group.eu\/de\/#organization\",\"name\":\"Resilient Group GmbH\",\"url\":\"https:\/\/www.resilient-group.eu\/de\/\",\"logo\":{\"@type\":\"ImageObject\",\"inLanguage\":\"de\",\"@id\":\"https:\/\/www.resilient-group.eu\/de\/#\/schema\/logo\/image\/\",\"url\":\"https:\/\/www.resilient-group.eu\/wp-content\/uploads\/2023\/07\/SmallLogoBW.png\",\"contentUrl\":\"https:\/\/www.resilient-group.eu\/wp-content\/uploads\/2023\/07\/SmallLogoBW.png\",\"width\":500,\"height\":302,\"caption\":\"Resilient Group GmbH\"},\"image\":{\"@id\":\"https:\/\/www.resilient-group.eu\/de\/#\/schema\/logo\/image\/\"},\"sameAs\":[\"https:\/\/www.linkedin.com\/in\/marc-bachmann-resilient-group\/?originalSubdomain=de\",\"https:\/\/www.youtube.com\/@reload_works\"]}]}<\/script>\n<!-- \/ Yoast SEO plugin. -->","yoast_head_json":{"title":"Resilient TechEd \/ ReLoAd \ud83d\ude80 - Resilient Group","robots":{"index":"index","follow":"follow","max-snippet":"max-snippet:-1","max-image-preview":"max-image-preview:large","max-video-preview":"max-video-preview:-1"},"canonical":"https:\/\/www.resilient-group.eu\/de\/teched\/","og_locale":"de_DE","og_type":"article","og_title":"Resilient TechEd \/ ReLoAd \ud83d\ude80 - Resilient Group","og_description":"Wir, die Teched, stehen f\u00fcr innovatives Lernen und innovative Lernsysteme, die ein absolutes Upgrade zu den herk\u00f6mmlichen Schul- und Studienmethoden, sowie in der Erwachsenenbildung bieten. Dies bedeutet, dass jeder Nutzer seine individuelle, auf ihn angepasste Lernerfahrung erleben kann. Unser Ziel ist es, ein optimales Ergebnis f\u00fcr unsere Nutzer zu erschaffen. Wir wollen das Lernen in [&hellip;]","og_url":"https:\/\/www.resilient-group.eu\/de\/teched\/","og_site_name":"Resilient Group","article_modified_time":"2024-03-20T12:01:12+00:00","og_image":[{"width":1126,"height":1151,"url":"https:\/\/www.resilient-group.eu\/wp-content\/uploads\/2021\/10\/Illustration-Teched.png","type":"image\/png"}],"twitter_card":"summary_large_image","twitter_misc":{"Gesch\u00e4tzte Lesezeit":"4\u00a0Minuten"},"schema":{"@context":"https:\/\/schema.org","@graph":[{"@type":"WebPage","@id":"https:\/\/www.resilient-group.eu\/de\/teched\/","url":"https:\/\/www.resilient-group.eu\/de\/teched\/","name":"Resilient TechEd \/ ReLoAd \ud83d\ude80 - Resilient Group","isPartOf":{"@id":"https:\/\/www.resilient-group.eu\/de\/#website"},"datePublished":"2021-10-05T12:21:35+00:00","dateModified":"2024-03-20T12:01:12+00:00","breadcrumb":{"@id":"https:\/\/www.resilient-group.eu\/de\/teched\/#breadcrumb"},"inLanguage":"de","potentialAction":[{"@type":"ReadAction","target":["https:\/\/www.resilient-group.eu\/de\/teched\/"]}]},{"@type":"BreadcrumbList","@id":"https:\/\/www.resilient-group.eu\/de\/teched\/#breadcrumb","itemListElement":[{"@type":"ListItem","position":1,"name":"Startseite","item":"https:\/\/www.resilient-group.eu\/de\/"},{"@type":"ListItem","position":2,"name":"Resilient TechEd \/ ReLoAd \ud83d\ude80"}]},{"@type":"WebSite","@id":"https:\/\/www.resilient-group.eu\/de\/#website","url":"https:\/\/www.resilient-group.eu\/de\/","name":"Resilient Group","description":"","publisher":{"@id":"https:\/\/www.resilient-group.eu\/de\/#organization"},"potentialAction":[{"@type":"SearchAction","target":{"@type":"EntryPoint","urlTemplate":"https:\/\/www.resilient-group.eu\/de\/?s={search_term_string}"},"query-input":"required name=search_term_string"}],"inLanguage":"de"},{"@type":"Organization","@id":"https:\/\/www.resilient-group.eu\/de\/#organization","name":"Resilient Group GmbH","url":"https:\/\/www.resilient-group.eu\/de\/","logo":{"@type":"ImageObject","inLanguage":"de","@id":"https:\/\/www.resilient-group.eu\/de\/#\/schema\/logo\/image\/","url":"https:\/\/www.resilient-group.eu\/wp-content\/uploads\/2023\/07\/SmallLogoBW.png","contentUrl":"https:\/\/www.resilient-group.eu\/wp-content\/uploads\/2023\/07\/SmallLogoBW.png","width":500,"height":302,"caption":"Resilient Group GmbH"},"image":{"@id":"https:\/\/www.resilient-group.eu\/de\/#\/schema\/logo\/image\/"},"sameAs":["https:\/\/www.linkedin.com\/in\/marc-bachmann-resilient-group\/?originalSubdomain=de","https:\/\/www.youtube.com\/@reload_works"]}]}},"_links":{"self":[{"href":"https:\/\/www.resilient-group.eu\/de\/wp-json\/wp\/v2\/pages\/98","targetHints":{"allow":["GET"]}}],"collection":[{"href":"https:\/\/www.resilient-group.eu\/de\/wp-json\/wp\/v2\/pages"}],"about":[{"href":"https:\/\/www.resilient-group.eu\/de\/wp-json\/wp\/v2\/types\/page"}],"author":[{"embeddable":true,"href":"https:\/\/www.resilient-group.eu\/de\/wp-json\/wp\/v2\/users\/1"}],"replies":[{"embeddable":true,"href":"https:\/\/www.resilient-group.eu\/de\/wp-json\/wp\/v2\/comments?post=98"}],"version-history":[{"count":4,"href":"https:\/\/www.resilient-group.eu\/de\/wp-json\/wp\/v2\/pages\/98\/revisions"}],"predecessor-version":[{"id":519,"href":"https:\/\/www.resilient-group.eu\/de\/wp-json\/wp\/v2\/pages\/98\/revisions\/519"}],"wp:featuredmedia":[{"embeddable":true,"href":"https:\/\/www.resilient-group.eu\/de\/wp-json\/wp\/v2\/media\/99"}],"wp:attachment":[{"href":"https:\/\/www.resilient-group.eu\/de\/wp-json\/wp\/v2\/media?parent=98"}],"curies":[{"name":"wp","href":"https:\/\/api.w.org\/{rel}","templated":true}]}}