{"id":93,"date":"2021-10-05T13:51:18","date_gmt":"2021-10-05T11:51:18","guid":{"rendered":"https:\/\/www.resilient-group.eu\/?page_id=93"},"modified":"2024-05-29T10:05:52","modified_gmt":"2024-05-29T08:05:52","slug":"exposedna","status":"publish","type":"page","link":"https:\/\/www.resilient-group.eu\/de\/exposedna\/","title":{"rendered":"exposeDNA \ud83e\uddec"},"content":{"rendered":"\n<p><\/p>\n\n\n\n<p><\/p>\n\n\n\n<p>Die exposeDNA GmbH ist Dein Partner f\u00fcr innovative Softwarel\u00f6sungen und Dienstleistungen zur Automatisierung von Gesch\u00e4ftsprozessen in der Digitalisierung. Wir bieten ma\u00dfgeschneiderte L\u00f6sungen f\u00fcr Projektmanagement, CRM, ERP und CMS, sowie zuverl\u00e4ssige Betriebs- und Hosting-Services. Gemeinsam optimieren wir Deine Unternehmensprozesse und steigern dadurch euren Erfolg. Willkommen bei exposeDNA! <\/p>\n\n\n\n<div style=\"height:100px\" aria-hidden=\"true\" class=\"wp-block-spacer\"><\/div>\n\n\n\n<div class=\"wp-block-media-text is-stacked-on-mobile is-vertically-aligned-center\" style=\"grid-template-columns:25% auto\"><figure class=\"wp-block-media-text__media\"><a href=\"https:\/\/www.exposedna.com\"><img loading=\"lazy\" decoding=\"async\" width=\"1024\" height=\"890\" src=\"https:\/\/www.resilient-group.eu\/wp-content\/uploads\/2021\/10\/Illustration-Business-Automation-1024x890.png\" alt=\"\" class=\"wp-image-96 size-full\" srcset=\"https:\/\/www.resilient-group.eu\/wp-content\/uploads\/2021\/10\/Illustration-Business-Automation-1024x890.png 1024w, https:\/\/www.resilient-group.eu\/wp-content\/uploads\/2021\/10\/Illustration-Business-Automation-300x261.png 300w, https:\/\/www.resilient-group.eu\/wp-content\/uploads\/2021\/10\/Illustration-Business-Automation-768x667.png 768w, https:\/\/www.resilient-group.eu\/wp-content\/uploads\/2021\/10\/Illustration-Business-Automation.png 1135w\" sizes=\"auto, (max-width: 1024px) 100vw, 1024px\" \/><\/a><\/figure><div class=\"wp-block-media-text__content\">\n<p class=\"has-text-align-left\"><a style=\"text-decoration:none; font-size:28px; color:#aa8d6f !important\" href=\"https:\/\/www.exposedna.com\">\u27a1 Hier gehts zur exposeDNA<\/a><\/p>\n<\/div><\/div>\n\n\n\n<blockquote class=\"wp-block-quote is-layout-flow wp-block-quote-is-layout-flow\">\n<div style=\"height:100px\" aria-hidden=\"true\" class=\"wp-block-spacer\"><\/div>\n\n\n\n<p><strong>UNSERE VISION: DIGITALISIERUNG DER ERFOLGS-DNA<\/strong><\/p>\n\n\n\n<p>Jedes Unternehmen zeichnet\u00a0einzigartige Erfolgsfaktoren\u00a0aus. Wir haben festgestellt, dass Standardsoftware diese Einzigartigkeit, die\u00a0Erfolgs-DNA, stark einschr\u00e4nkt. Sie verlangsamt Prozesse, macht den Arbeitsalltag m\u00fchsam und Erneuerungen sind nur schwer umsetzbar.<br><br>Gesch\u00e4ftsprozesse werden anders gelebt als sie sich in der Software widerspiegeln. Daten liegen anders vor als sie sollten. Wir glauben fest daran, dass Software sich an Unternehmen anpassen sollte, nicht umgekehrt. Unser Ziel ist es, Software als eine ma\u00dfgeschneiderte L\u00f6sung zu sehen, die Ihr Unternehmen unterst\u00fctzt und sogar erweitert.<\/p>\n\n\n\n<div style=\"height:100px\" aria-hidden=\"true\" class=\"wp-block-spacer\"><\/div>\n<\/blockquote>\n\n\n\n<pre class=\"wp-block-verse\"><\/pre>\n\n\n\n<p><\/p>\n","protected":false},"excerpt":{"rendered":"<p>Die exposeDNA GmbH ist Dein Partner f\u00fcr innovative Softwarel\u00f6sungen und Dienstleistungen zur Automatisierung von Gesch\u00e4ftsprozessen in der Digitalisierung. Wir bieten ma\u00dfgeschneiderte L\u00f6sungen f\u00fcr Projektmanagement, CRM, ERP und CMS, sowie zuverl\u00e4ssige Betriebs- und Hosting-Services. Gemeinsam optimieren wir Deine Unternehmensprozesse und steigern dadurch euren Erfolg. Willkommen bei exposeDNA! \u27a1 Hier gehts zur exposeDNA<\/p>\n","protected":false},"author":1,"featured_media":497,"parent":0,"menu_order":0,"comment_status":"closed","ping_status":"closed","template":"tmpl_rg_page.php","meta":{"footnotes":""},"class_list":["post-93","page","type-page","status-publish","has-post-thumbnail","hentry"],"yoast_head":"<!-- This site is optimized with the Yoast SEO plugin v20.12 - https:\/\/yoast.com\/wordpress\/plugins\/seo\/ -->\n<title>exposeDNA \ud83e\uddec - Resilient Group<\/title>\n<meta name=\"description\" content=\"IT Dienstleister Low Code Plattform Projektmanagement Business Automation exposeDNA Resilient Group Teched Reload works fibery podio\" \/>\n<meta name=\"robots\" content=\"index, follow, max-snippet:-1, max-image-preview:large, max-video-preview:-1\" \/>\n<link rel=\"canonical\" href=\"https:\/\/www.resilient-group.eu\/de\/exposedna\/\" \/>\n<meta property=\"og:locale\" content=\"de_DE\" \/>\n<meta property=\"og:type\" content=\"article\" \/>\n<meta property=\"og:title\" content=\"exposeDNA \ud83e\uddec - Resilient Group\" \/>\n<meta property=\"og:description\" content=\"IT Dienstleister Low Code Plattform Projektmanagement Business Automation exposeDNA Resilient Group Teched Reload works fibery podio\" \/>\n<meta property=\"og:url\" content=\"https:\/\/www.resilient-group.eu\/de\/exposedna\/\" \/>\n<meta property=\"og:site_name\" content=\"Resilient Group\" \/>\n<meta property=\"article:modified_time\" content=\"2024-05-29T08:05:52+00:00\" \/>\n<meta property=\"og:image\" content=\"https:\/\/www.resilient-group.eu\/wp-content\/uploads\/2024\/01\/exposeDNA-logo-300x300-1.png\" \/>\n\t<meta property=\"og:image:width\" content=\"300\" \/>\n\t<meta property=\"og:image:height\" content=\"299\" \/>\n\t<meta property=\"og:image:type\" content=\"image\/png\" \/>\n<meta name=\"twitter:card\" content=\"summary_large_image\" \/>\n<meta name=\"twitter:label1\" content=\"Gesch\u00e4tzte Lesezeit\" \/>\n\t<meta name=\"twitter:data1\" content=\"1\u00a0Minute\" \/>\n<script type=\"application\/ld+json\" class=\"yoast-schema-graph\">{\"@context\":\"https:\/\/schema.org\",\"@graph\":[{\"@type\":\"WebPage\",\"@id\":\"https:\/\/www.resilient-group.eu\/de\/exposedna\/\",\"url\":\"https:\/\/www.resilient-group.eu\/de\/exposedna\/\",\"name\":\"exposeDNA \ud83e\uddec - Resilient Group\",\"isPartOf\":{\"@id\":\"https:\/\/www.resilient-group.eu\/de\/#website\"},\"datePublished\":\"2021-10-05T11:51:18+00:00\",\"dateModified\":\"2024-05-29T08:05:52+00:00\",\"description\":\"IT Dienstleister Low Code Plattform Projektmanagement Business Automation exposeDNA Resilient Group Teched Reload works fibery podio\",\"breadcrumb\":{\"@id\":\"https:\/\/www.resilient-group.eu\/de\/exposedna\/#breadcrumb\"},\"inLanguage\":\"de\",\"potentialAction\":[{\"@type\":\"ReadAction\",\"target\":[\"https:\/\/www.resilient-group.eu\/de\/exposedna\/\"]}]},{\"@type\":\"BreadcrumbList\",\"@id\":\"https:\/\/www.resilient-group.eu\/de\/exposedna\/#breadcrumb\",\"itemListElement\":[{\"@type\":\"ListItem\",\"position\":1,\"name\":\"Startseite\",\"item\":\"https:\/\/www.resilient-group.eu\/de\/\"},{\"@type\":\"ListItem\",\"position\":2,\"name\":\"exposeDNA \ud83e\uddec\"}]},{\"@type\":\"WebSite\",\"@id\":\"https:\/\/www.resilient-group.eu\/de\/#website\",\"url\":\"https:\/\/www.resilient-group.eu\/de\/\",\"name\":\"Resilient Group\",\"description\":\"\",\"publisher\":{\"@id\":\"https:\/\/www.resilient-group.eu\/de\/#organization\"},\"potentialAction\":[{\"@type\":\"SearchAction\",\"target\":{\"@type\":\"EntryPoint\",\"urlTemplate\":\"https:\/\/www.resilient-group.eu\/de\/?s={search_term_string}\"},\"query-input\":\"required name=search_term_string\"}],\"inLanguage\":\"de\"},{\"@type\":\"Organization\",\"@id\":\"https:\/\/www.resilient-group.eu\/de\/#organization\",\"name\":\"Resilient Group GmbH\",\"url\":\"https:\/\/www.resilient-group.eu\/de\/\",\"logo\":{\"@type\":\"ImageObject\",\"inLanguage\":\"de\",\"@id\":\"https:\/\/www.resilient-group.eu\/de\/#\/schema\/logo\/image\/\",\"url\":\"https:\/\/www.resilient-group.eu\/wp-content\/uploads\/2023\/07\/SmallLogoBW.png\",\"contentUrl\":\"https:\/\/www.resilient-group.eu\/wp-content\/uploads\/2023\/07\/SmallLogoBW.png\",\"width\":500,\"height\":302,\"caption\":\"Resilient Group GmbH\"},\"image\":{\"@id\":\"https:\/\/www.resilient-group.eu\/de\/#\/schema\/logo\/image\/\"},\"sameAs\":[\"https:\/\/www.linkedin.com\/in\/marc-bachmann-resilient-group\/?originalSubdomain=de\",\"https:\/\/www.youtube.com\/@reload_works\"]}]}<\/script>\n<!-- \/ Yoast SEO plugin. -->","yoast_head_json":{"title":"exposeDNA \ud83e\uddec - Resilient Group","description":"IT Dienstleister Low Code Plattform Projektmanagement Business Automation exposeDNA Resilient Group Teched Reload works fibery podio","robots":{"index":"index","follow":"follow","max-snippet":"max-snippet:-1","max-image-preview":"max-image-preview:large","max-video-preview":"max-video-preview:-1"},"canonical":"https:\/\/www.resilient-group.eu\/de\/exposedna\/","og_locale":"de_DE","og_type":"article","og_title":"exposeDNA \ud83e\uddec - Resilient Group","og_description":"IT Dienstleister Low Code Plattform Projektmanagement Business Automation exposeDNA Resilient Group Teched Reload works fibery podio","og_url":"https:\/\/www.resilient-group.eu\/de\/exposedna\/","og_site_name":"Resilient Group","article_modified_time":"2024-05-29T08:05:52+00:00","og_image":[{"width":300,"height":299,"url":"https:\/\/www.resilient-group.eu\/wp-content\/uploads\/2024\/01\/exposeDNA-logo-300x300-1.png","type":"image\/png"}],"twitter_card":"summary_large_image","twitter_misc":{"Gesch\u00e4tzte Lesezeit":"1\u00a0Minute"},"schema":{"@context":"https:\/\/schema.org","@graph":[{"@type":"WebPage","@id":"https:\/\/www.resilient-group.eu\/de\/exposedna\/","url":"https:\/\/www.resilient-group.eu\/de\/exposedna\/","name":"exposeDNA \ud83e\uddec - Resilient Group","isPartOf":{"@id":"https:\/\/www.resilient-group.eu\/de\/#website"},"datePublished":"2021-10-05T11:51:18+00:00","dateModified":"2024-05-29T08:05:52+00:00","description":"IT Dienstleister Low Code Plattform Projektmanagement Business Automation exposeDNA Resilient Group Teched Reload works fibery podio","breadcrumb":{"@id":"https:\/\/www.resilient-group.eu\/de\/exposedna\/#breadcrumb"},"inLanguage":"de","potentialAction":[{"@type":"ReadAction","target":["https:\/\/www.resilient-group.eu\/de\/exposedna\/"]}]},{"@type":"BreadcrumbList","@id":"https:\/\/www.resilient-group.eu\/de\/exposedna\/#breadcrumb","itemListElement":[{"@type":"ListItem","position":1,"name":"Startseite","item":"https:\/\/www.resilient-group.eu\/de\/"},{"@type":"ListItem","position":2,"name":"exposeDNA \ud83e\uddec"}]},{"@type":"WebSite","@id":"https:\/\/www.resilient-group.eu\/de\/#website","url":"https:\/\/www.resilient-group.eu\/de\/","name":"Resilient Group","description":"","publisher":{"@id":"https:\/\/www.resilient-group.eu\/de\/#organization"},"potentialAction":[{"@type":"SearchAction","target":{"@type":"EntryPoint","urlTemplate":"https:\/\/www.resilient-group.eu\/de\/?s={search_term_string}"},"query-input":"required name=search_term_string"}],"inLanguage":"de"},{"@type":"Organization","@id":"https:\/\/www.resilient-group.eu\/de\/#organization","name":"Resilient Group GmbH","url":"https:\/\/www.resilient-group.eu\/de\/","logo":{"@type":"ImageObject","inLanguage":"de","@id":"https:\/\/www.resilient-group.eu\/de\/#\/schema\/logo\/image\/","url":"https:\/\/www.resilient-group.eu\/wp-content\/uploads\/2023\/07\/SmallLogoBW.png","contentUrl":"https:\/\/www.resilient-group.eu\/wp-content\/uploads\/2023\/07\/SmallLogoBW.png","width":500,"height":302,"caption":"Resilient Group GmbH"},"image":{"@id":"https:\/\/www.resilient-group.eu\/de\/#\/schema\/logo\/image\/"},"sameAs":["https:\/\/www.linkedin.com\/in\/marc-bachmann-resilient-group\/?originalSubdomain=de","https:\/\/www.youtube.com\/@reload_works"]}]}},"_links":{"self":[{"href":"https:\/\/www.resilient-group.eu\/de\/wp-json\/wp\/v2\/pages\/93","targetHints":{"allow":["GET"]}}],"collection":[{"href":"https:\/\/www.resilient-group.eu\/de\/wp-json\/wp\/v2\/pages"}],"about":[{"href":"https:\/\/www.resilient-group.eu\/de\/wp-json\/wp\/v2\/types\/page"}],"author":[{"embeddable":true,"href":"https:\/\/www.resilient-group.eu\/de\/wp-json\/wp\/v2\/users\/1"}],"replies":[{"embeddable":true,"href":"https:\/\/www.resilient-group.eu\/de\/wp-json\/wp\/v2\/comments?post=93"}],"version-history":[{"count":43,"href":"https:\/\/www.resilient-group.eu\/de\/wp-json\/wp\/v2\/pages\/93\/revisions"}],"predecessor-version":[{"id":568,"href":"https:\/\/www.resilient-group.eu\/de\/wp-json\/wp\/v2\/pages\/93\/revisions\/568"}],"wp:featuredmedia":[{"embeddable":true,"href":"https:\/\/www.resilient-group.eu\/de\/wp-json\/wp\/v2\/media\/497"}],"wp:attachment":[{"href":"https:\/\/www.resilient-group.eu\/de\/wp-json\/wp\/v2\/media?parent=93"}],"curies":[{"name":"wp","href":"https:\/\/api.w.org\/{rel}","templated":true}]}}