{"id":88,"date":"2021-10-04T20:50:37","date_gmt":"2021-10-04T18:50:37","guid":{"rendered":"https:\/\/www.resilient-group.eu\/?page_id=88"},"modified":"2023-12-22T11:55:10","modified_gmt":"2023-12-22T10:55:10","slug":"properties","status":"publish","type":"page","link":"https:\/\/www.resilient-group.eu\/de\/properties\/","title":{"rendered":"Properties"},"content":{"rendered":"\n<p>Bei Resilient Properties geht es nicht nur um Immobilienmanagement, wir setzen mit offenen Armen auf die Zukunft und f\u00f6rdern eine Gemeinschaft von Gleichgesinnten, die innovative Ideen teilen. Unser Unternehmen lebt von einer einzigartigen Mischung aus modernster Technologie und einer tief verwurzelten Liebe zu den Menschen.<\/p>\n\n\n\n<p>In dieser \u00c4ra rasanter Fortschritte verstehen wir die Bedeutung eines zukunftsorientierten Ansatzes im Immobilienmanagement. Unsere futuristische Denkweise erm\u00f6glicht es uns, immer einen Schritt voraus zu sein und die neuesten Branchentrends umzusetzen, um unseren Kunden die besten L\u00f6sungen anzubieten. Wir sind nicht nur Immobilienmanager; wir sind Vision\u00e4re in der Immobilienwelt.<\/p>\n\n\n\n<p>Wir sind leidenschaftlich daran interessiert, Verbindungen zu schaffen und Ideen auszutauschen. Wir glauben, dass, wenn wir uns gemeinsam engagieren, gro\u00dfartige Dinge passieren. Unser gemeinschaftsorientierter Ansatz f\u00f6rdert die Zusammenarbeit und den Austausch innovativer Konzepte. Wir sch\u00e4tzen jedes Mitglied unseres Netzwerks und sehen sie als integrale Partner auf unserer Reise.<\/p>\n\n\n\n<p>Bei Resilient Properties sind wir stolz auf die perfekte Balance zwischen technologischer Kompetenz und einer menschenzentrierten Denkweise. Begleiten Sie uns bei der Neugestaltung des Immobilienmanagements f\u00fcr eine hellere und st\u00e4rker vernetzte Zukunft. Gemeinsam werden wir mehr als nur Immobilien schaffen; wir werden Chancen schaffen und Ideen in die Realit\u00e4t umsetzen.<\/p>\n","protected":false},"excerpt":{"rendered":"<p>Bei Resilient Properties geht es nicht nur um Immobilienmanagement, wir setzen mit offenen Armen auf die Zukunft und f\u00f6rdern eine Gemeinschaft von Gleichgesinnten, die innovative Ideen teilen. Unser Unternehmen lebt von einer einzigartigen Mischung aus modernster Technologie und einer tief verwurzelten Liebe zu den Menschen. In dieser \u00c4ra rasanter Fortschritte verstehen wir die Bedeutung eines [&hellip;]<\/p>\n","protected":false},"author":1,"featured_media":105,"parent":0,"menu_order":0,"comment_status":"closed","ping_status":"closed","template":"tmpl_rg_page.php","meta":{"footnotes":""},"class_list":["post-88","page","type-page","status-publish","has-post-thumbnail","hentry"],"yoast_head":"<!-- This site is optimized with the Yoast SEO plugin v20.12 - https:\/\/yoast.com\/wordpress\/plugins\/seo\/ -->\n<title>Resilient Group - Properties - Immobilienmanagement der Zukunft - Technologie<\/title>\n<meta name=\"description\" content=\"Entdecken Sie eine neue Dimension des Immobilienmanagements bei Properties. Zukunftsf\u00e4hig, gemeinschaftsorientiert und technologisch f\u00fchrend.\" \/>\n<meta name=\"robots\" content=\"index, follow, max-snippet:-1, max-image-preview:large, max-video-preview:-1\" \/>\n<link rel=\"canonical\" href=\"https:\/\/www.resilient-group.eu\/de\/properties\/\" \/>\n<meta property=\"og:locale\" content=\"de_DE\" \/>\n<meta property=\"og:type\" content=\"article\" \/>\n<meta property=\"og:title\" content=\"Resilient Group - Properties - Immobilienmanagement der Zukunft - Technologie\" \/>\n<meta property=\"og:description\" content=\"Entdecken Sie eine neue Dimension des Immobilienmanagements bei Properties. Zukunftsf\u00e4hig, gemeinschaftsorientiert und technologisch f\u00fchrend.\" \/>\n<meta property=\"og:url\" content=\"https:\/\/www.resilient-group.eu\/de\/properties\/\" \/>\n<meta property=\"og:site_name\" content=\"Resilient Group\" \/>\n<meta property=\"article:modified_time\" content=\"2023-12-22T10:55:10+00:00\" \/>\n<meta property=\"og:image\" content=\"https:\/\/www.resilient-group.eu\/wp-content\/uploads\/2021\/10\/Illustration-Resilient-Management.png\" \/>\n\t<meta property=\"og:image:width\" content=\"1207\" \/>\n\t<meta property=\"og:image:height\" content=\"893\" \/>\n\t<meta property=\"og:image:type\" content=\"image\/png\" \/>\n<meta name=\"twitter:card\" content=\"summary_large_image\" \/>\n<meta name=\"twitter:label1\" content=\"Gesch\u00e4tzte Lesezeit\" \/>\n\t<meta name=\"twitter:data1\" content=\"2\u00a0Minuten\" \/>\n<script type=\"application\/ld+json\" class=\"yoast-schema-graph\">{\"@context\":\"https:\/\/schema.org\",\"@graph\":[{\"@type\":\"WebPage\",\"@id\":\"https:\/\/www.resilient-group.eu\/de\/properties\/\",\"url\":\"https:\/\/www.resilient-group.eu\/de\/properties\/\",\"name\":\"Resilient Group - Properties - Immobilienmanagement der Zukunft - Technologie\",\"isPartOf\":{\"@id\":\"https:\/\/www.resilient-group.eu\/de\/#website\"},\"datePublished\":\"2021-10-04T18:50:37+00:00\",\"dateModified\":\"2023-12-22T10:55:10+00:00\",\"description\":\"Entdecken Sie eine neue Dimension des Immobilienmanagements bei Properties. Zukunftsf\u00e4hig, gemeinschaftsorientiert und technologisch f\u00fchrend.\",\"breadcrumb\":{\"@id\":\"https:\/\/www.resilient-group.eu\/de\/properties\/#breadcrumb\"},\"inLanguage\":\"de\",\"potentialAction\":[{\"@type\":\"ReadAction\",\"target\":[\"https:\/\/www.resilient-group.eu\/de\/properties\/\"]}]},{\"@type\":\"BreadcrumbList\",\"@id\":\"https:\/\/www.resilient-group.eu\/de\/properties\/#breadcrumb\",\"itemListElement\":[{\"@type\":\"ListItem\",\"position\":1,\"name\":\"Startseite\",\"item\":\"https:\/\/www.resilient-group.eu\/de\/\"},{\"@type\":\"ListItem\",\"position\":2,\"name\":\"Properties\"}]},{\"@type\":\"WebSite\",\"@id\":\"https:\/\/www.resilient-group.eu\/de\/#website\",\"url\":\"https:\/\/www.resilient-group.eu\/de\/\",\"name\":\"Resilient Group\",\"description\":\"\",\"publisher\":{\"@id\":\"https:\/\/www.resilient-group.eu\/de\/#organization\"},\"potentialAction\":[{\"@type\":\"SearchAction\",\"target\":{\"@type\":\"EntryPoint\",\"urlTemplate\":\"https:\/\/www.resilient-group.eu\/de\/?s={search_term_string}\"},\"query-input\":\"required name=search_term_string\"}],\"inLanguage\":\"de\"},{\"@type\":\"Organization\",\"@id\":\"https:\/\/www.resilient-group.eu\/de\/#organization\",\"name\":\"Resilient Group GmbH\",\"url\":\"https:\/\/www.resilient-group.eu\/de\/\",\"logo\":{\"@type\":\"ImageObject\",\"inLanguage\":\"de\",\"@id\":\"https:\/\/www.resilient-group.eu\/de\/#\/schema\/logo\/image\/\",\"url\":\"https:\/\/www.resilient-group.eu\/wp-content\/uploads\/2023\/07\/SmallLogoBW.png\",\"contentUrl\":\"https:\/\/www.resilient-group.eu\/wp-content\/uploads\/2023\/07\/SmallLogoBW.png\",\"width\":500,\"height\":302,\"caption\":\"Resilient Group GmbH\"},\"image\":{\"@id\":\"https:\/\/www.resilient-group.eu\/de\/#\/schema\/logo\/image\/\"},\"sameAs\":[\"https:\/\/www.linkedin.com\/in\/marc-bachmann-resilient-group\/?originalSubdomain=de\",\"https:\/\/www.youtube.com\/@reload_works\"]}]}<\/script>\n<!-- \/ Yoast SEO plugin. -->","yoast_head_json":{"title":"Resilient Group - Properties - Immobilienmanagement der Zukunft - Technologie","description":"Entdecken Sie eine neue Dimension des Immobilienmanagements bei Properties. Zukunftsf\u00e4hig, gemeinschaftsorientiert und technologisch f\u00fchrend.","robots":{"index":"index","follow":"follow","max-snippet":"max-snippet:-1","max-image-preview":"max-image-preview:large","max-video-preview":"max-video-preview:-1"},"canonical":"https:\/\/www.resilient-group.eu\/de\/properties\/","og_locale":"de_DE","og_type":"article","og_title":"Resilient Group - Properties - Immobilienmanagement der Zukunft - Technologie","og_description":"Entdecken Sie eine neue Dimension des Immobilienmanagements bei Properties. Zukunftsf\u00e4hig, gemeinschaftsorientiert und technologisch f\u00fchrend.","og_url":"https:\/\/www.resilient-group.eu\/de\/properties\/","og_site_name":"Resilient Group","article_modified_time":"2023-12-22T10:55:10+00:00","og_image":[{"width":1207,"height":893,"url":"https:\/\/www.resilient-group.eu\/wp-content\/uploads\/2021\/10\/Illustration-Resilient-Management.png","type":"image\/png"}],"twitter_card":"summary_large_image","twitter_misc":{"Gesch\u00e4tzte Lesezeit":"2\u00a0Minuten"},"schema":{"@context":"https:\/\/schema.org","@graph":[{"@type":"WebPage","@id":"https:\/\/www.resilient-group.eu\/de\/properties\/","url":"https:\/\/www.resilient-group.eu\/de\/properties\/","name":"Resilient Group - Properties - Immobilienmanagement der Zukunft - Technologie","isPartOf":{"@id":"https:\/\/www.resilient-group.eu\/de\/#website"},"datePublished":"2021-10-04T18:50:37+00:00","dateModified":"2023-12-22T10:55:10+00:00","description":"Entdecken Sie eine neue Dimension des Immobilienmanagements bei Properties. Zukunftsf\u00e4hig, gemeinschaftsorientiert und technologisch f\u00fchrend.","breadcrumb":{"@id":"https:\/\/www.resilient-group.eu\/de\/properties\/#breadcrumb"},"inLanguage":"de","potentialAction":[{"@type":"ReadAction","target":["https:\/\/www.resilient-group.eu\/de\/properties\/"]}]},{"@type":"BreadcrumbList","@id":"https:\/\/www.resilient-group.eu\/de\/properties\/#breadcrumb","itemListElement":[{"@type":"ListItem","position":1,"name":"Startseite","item":"https:\/\/www.resilient-group.eu\/de\/"},{"@type":"ListItem","position":2,"name":"Properties"}]},{"@type":"WebSite","@id":"https:\/\/www.resilient-group.eu\/de\/#website","url":"https:\/\/www.resilient-group.eu\/de\/","name":"Resilient Group","description":"","publisher":{"@id":"https:\/\/www.resilient-group.eu\/de\/#organization"},"potentialAction":[{"@type":"SearchAction","target":{"@type":"EntryPoint","urlTemplate":"https:\/\/www.resilient-group.eu\/de\/?s={search_term_string}"},"query-input":"required name=search_term_string"}],"inLanguage":"de"},{"@type":"Organization","@id":"https:\/\/www.resilient-group.eu\/de\/#organization","name":"Resilient Group GmbH","url":"https:\/\/www.resilient-group.eu\/de\/","logo":{"@type":"ImageObject","inLanguage":"de","@id":"https:\/\/www.resilient-group.eu\/de\/#\/schema\/logo\/image\/","url":"https:\/\/www.resilient-group.eu\/wp-content\/uploads\/2023\/07\/SmallLogoBW.png","contentUrl":"https:\/\/www.resilient-group.eu\/wp-content\/uploads\/2023\/07\/SmallLogoBW.png","width":500,"height":302,"caption":"Resilient Group GmbH"},"image":{"@id":"https:\/\/www.resilient-group.eu\/de\/#\/schema\/logo\/image\/"},"sameAs":["https:\/\/www.linkedin.com\/in\/marc-bachmann-resilient-group\/?originalSubdomain=de","https:\/\/www.youtube.com\/@reload_works"]}]}},"_links":{"self":[{"href":"https:\/\/www.resilient-group.eu\/de\/wp-json\/wp\/v2\/pages\/88","targetHints":{"allow":["GET"]}}],"collection":[{"href":"https:\/\/www.resilient-group.eu\/de\/wp-json\/wp\/v2\/pages"}],"about":[{"href":"https:\/\/www.resilient-group.eu\/de\/wp-json\/wp\/v2\/types\/page"}],"author":[{"embeddable":true,"href":"https:\/\/www.resilient-group.eu\/de\/wp-json\/wp\/v2\/users\/1"}],"replies":[{"embeddable":true,"href":"https:\/\/www.resilient-group.eu\/de\/wp-json\/wp\/v2\/comments?post=88"}],"version-history":[{"count":4,"href":"https:\/\/www.resilient-group.eu\/de\/wp-json\/wp\/v2\/pages\/88\/revisions"}],"predecessor-version":[{"id":486,"href":"https:\/\/www.resilient-group.eu\/de\/wp-json\/wp\/v2\/pages\/88\/revisions\/486"}],"wp:featuredmedia":[{"embeddable":true,"href":"https:\/\/www.resilient-group.eu\/de\/wp-json\/wp\/v2\/media\/105"}],"wp:attachment":[{"href":"https:\/\/www.resilient-group.eu\/de\/wp-json\/wp\/v2\/media?parent=88"}],"curies":[{"name":"wp","href":"https:\/\/api.w.org\/{rel}","templated":true}]}}