{"id":114,"date":"2021-10-05T14:28:54","date_gmt":"2021-10-05T12:28:54","guid":{"rendered":"https:\/\/www.resilient-group.eu\/?page_id=114"},"modified":"2023-12-22T11:53:39","modified_gmt":"2023-12-22T10:53:39","slug":"jobs","status":"publish","type":"page","link":"https:\/\/www.resilient-group.eu\/de\/jobs\/","title":{"rendered":"Jobs"},"content":{"rendered":"\n<p>Unsere Erfolge best\u00e4tigen unsere \u00dcberzeugung, und wir suchen stets nach herausragenden Talenten (m\/w\/d), die Teil unseres Teams werden m\u00f6chten. Die Resilient-Group ist ein innovativer Arbeitgeber mit einem beeindruckenden Portfolio \ud83c\udf31. <\/p>\n\n\n\n<p>Wir sch\u00e4tzen kluge und kreative K\u00f6pfe, die unsere Unternehmenskultur teilen und helfen, unsere vision\u00e4ren Konzepte umzusetzen. Bei uns erwarten dich flache Hierarchien, hohe Flexibilit\u00e4t und Eigenverantwortung von Anfang an. <br>Werde ein Teil unseres Teams und gestalte die Zukunft mit uns, denn bei uns verstehen wir, dass Work-Life-Balance kein Mythos ist \u2013 es gibt nur ein Leben, und wenn du in der Arbeit gl\u00fccklich bist und sie gerne machst, integrieren wir sie gerne in dein erf\u00fclltes Leben! \ud83d\ude80<\/p>\n","protected":false},"excerpt":{"rendered":"<p>Unsere Erfolge best\u00e4tigen unsere \u00dcberzeugung, und wir suchen stets nach herausragenden Talenten (m\/w\/d), die Teil unseres Teams werden m\u00f6chten. Die Resilient-Group ist ein innovativer Arbeitgeber mit einem beeindruckenden Portfolio \ud83c\udf31. Wir sch\u00e4tzen kluge und kreative K\u00f6pfe, die unsere Unternehmenskultur teilen und helfen, unsere vision\u00e4ren Konzepte umzusetzen. Bei uns erwarten dich flache Hierarchien, hohe Flexibilit\u00e4t und [&hellip;]<\/p>\n","protected":false},"author":1,"featured_media":96,"parent":0,"menu_order":0,"comment_status":"closed","ping_status":"closed","template":"tmpl_rg_job.php","meta":{"footnotes":""},"class_list":["post-114","page","type-page","status-publish","has-post-thumbnail","hentry"],"yoast_head":"<!-- This site is optimized with the Yoast SEO plugin v20.12 - https:\/\/yoast.com\/wordpress\/plugins\/seo\/ -->\n<title>Jobs - Resilient Group<\/title>\n<meta name=\"robots\" content=\"index, follow, max-snippet:-1, max-image-preview:large, max-video-preview:-1\" \/>\n<link rel=\"canonical\" href=\"https:\/\/www.resilient-group.eu\/de\/jobs\/\" \/>\n<meta property=\"og:locale\" content=\"de_DE\" \/>\n<meta property=\"og:type\" content=\"article\" \/>\n<meta property=\"og:title\" content=\"Jobs - Resilient Group\" \/>\n<meta property=\"og:description\" content=\"Unsere Erfolge best\u00e4tigen unsere \u00dcberzeugung, und wir suchen stets nach herausragenden Talenten (m\/w\/d), die Teil unseres Teams werden m\u00f6chten. Die Resilient-Group ist ein innovativer Arbeitgeber mit einem beeindruckenden Portfolio \ud83c\udf31. Wir sch\u00e4tzen kluge und kreative K\u00f6pfe, die unsere Unternehmenskultur teilen und helfen, unsere vision\u00e4ren Konzepte umzusetzen. Bei uns erwarten dich flache Hierarchien, hohe Flexibilit\u00e4t und [&hellip;]\" \/>\n<meta property=\"og:url\" content=\"https:\/\/www.resilient-group.eu\/de\/jobs\/\" \/>\n<meta property=\"og:site_name\" content=\"Resilient Group\" \/>\n<meta property=\"article:modified_time\" content=\"2023-12-22T10:53:39+00:00\" \/>\n<meta property=\"og:image\" content=\"https:\/\/www.resilient-group.eu\/wp-content\/uploads\/2021\/10\/Illustration-Business-Automation.png\" \/>\n\t<meta property=\"og:image:width\" content=\"1135\" \/>\n\t<meta property=\"og:image:height\" content=\"986\" \/>\n\t<meta property=\"og:image:type\" content=\"image\/png\" \/>\n<meta name=\"twitter:card\" content=\"summary_large_image\" \/>\n<meta name=\"twitter:label1\" content=\"Gesch\u00e4tzte Lesezeit\" \/>\n\t<meta name=\"twitter:data1\" content=\"1\u00a0Minute\" \/>\n<script type=\"application\/ld+json\" class=\"yoast-schema-graph\">{\"@context\":\"https:\/\/schema.org\",\"@graph\":[{\"@type\":\"WebPage\",\"@id\":\"https:\/\/www.resilient-group.eu\/de\/jobs\/\",\"url\":\"https:\/\/www.resilient-group.eu\/de\/jobs\/\",\"name\":\"Jobs - Resilient Group\",\"isPartOf\":{\"@id\":\"https:\/\/www.resilient-group.eu\/de\/#website\"},\"datePublished\":\"2021-10-05T12:28:54+00:00\",\"dateModified\":\"2023-12-22T10:53:39+00:00\",\"breadcrumb\":{\"@id\":\"https:\/\/www.resilient-group.eu\/de\/jobs\/#breadcrumb\"},\"inLanguage\":\"de\",\"potentialAction\":[{\"@type\":\"ReadAction\",\"target\":[\"https:\/\/www.resilient-group.eu\/de\/jobs\/\"]}]},{\"@type\":\"BreadcrumbList\",\"@id\":\"https:\/\/www.resilient-group.eu\/de\/jobs\/#breadcrumb\",\"itemListElement\":[{\"@type\":\"ListItem\",\"position\":1,\"name\":\"Startseite\",\"item\":\"https:\/\/www.resilient-group.eu\/de\/\"},{\"@type\":\"ListItem\",\"position\":2,\"name\":\"Jobs\"}]},{\"@type\":\"WebSite\",\"@id\":\"https:\/\/www.resilient-group.eu\/de\/#website\",\"url\":\"https:\/\/www.resilient-group.eu\/de\/\",\"name\":\"Resilient Group\",\"description\":\"\",\"publisher\":{\"@id\":\"https:\/\/www.resilient-group.eu\/de\/#organization\"},\"potentialAction\":[{\"@type\":\"SearchAction\",\"target\":{\"@type\":\"EntryPoint\",\"urlTemplate\":\"https:\/\/www.resilient-group.eu\/de\/?s={search_term_string}\"},\"query-input\":\"required name=search_term_string\"}],\"inLanguage\":\"de\"},{\"@type\":\"Organization\",\"@id\":\"https:\/\/www.resilient-group.eu\/de\/#organization\",\"name\":\"Resilient Group GmbH\",\"url\":\"https:\/\/www.resilient-group.eu\/de\/\",\"logo\":{\"@type\":\"ImageObject\",\"inLanguage\":\"de\",\"@id\":\"https:\/\/www.resilient-group.eu\/de\/#\/schema\/logo\/image\/\",\"url\":\"https:\/\/www.resilient-group.eu\/wp-content\/uploads\/2023\/07\/SmallLogoBW.png\",\"contentUrl\":\"https:\/\/www.resilient-group.eu\/wp-content\/uploads\/2023\/07\/SmallLogoBW.png\",\"width\":500,\"height\":302,\"caption\":\"Resilient Group GmbH\"},\"image\":{\"@id\":\"https:\/\/www.resilient-group.eu\/de\/#\/schema\/logo\/image\/\"},\"sameAs\":[\"https:\/\/www.linkedin.com\/in\/marc-bachmann-resilient-group\/?originalSubdomain=de\",\"https:\/\/www.youtube.com\/@reload_works\"]}]}<\/script>\n<!-- \/ Yoast SEO plugin. -->","yoast_head_json":{"title":"Jobs - Resilient Group","robots":{"index":"index","follow":"follow","max-snippet":"max-snippet:-1","max-image-preview":"max-image-preview:large","max-video-preview":"max-video-preview:-1"},"canonical":"https:\/\/www.resilient-group.eu\/de\/jobs\/","og_locale":"de_DE","og_type":"article","og_title":"Jobs - Resilient Group","og_description":"Unsere Erfolge best\u00e4tigen unsere \u00dcberzeugung, und wir suchen stets nach herausragenden Talenten (m\/w\/d), die Teil unseres Teams werden m\u00f6chten. Die Resilient-Group ist ein innovativer Arbeitgeber mit einem beeindruckenden Portfolio \ud83c\udf31. Wir sch\u00e4tzen kluge und kreative K\u00f6pfe, die unsere Unternehmenskultur teilen und helfen, unsere vision\u00e4ren Konzepte umzusetzen. Bei uns erwarten dich flache Hierarchien, hohe Flexibilit\u00e4t und [&hellip;]","og_url":"https:\/\/www.resilient-group.eu\/de\/jobs\/","og_site_name":"Resilient Group","article_modified_time":"2023-12-22T10:53:39+00:00","og_image":[{"width":1135,"height":986,"url":"https:\/\/www.resilient-group.eu\/wp-content\/uploads\/2021\/10\/Illustration-Business-Automation.png","type":"image\/png"}],"twitter_card":"summary_large_image","twitter_misc":{"Gesch\u00e4tzte Lesezeit":"1\u00a0Minute"},"schema":{"@context":"https:\/\/schema.org","@graph":[{"@type":"WebPage","@id":"https:\/\/www.resilient-group.eu\/de\/jobs\/","url":"https:\/\/www.resilient-group.eu\/de\/jobs\/","name":"Jobs - Resilient Group","isPartOf":{"@id":"https:\/\/www.resilient-group.eu\/de\/#website"},"datePublished":"2021-10-05T12:28:54+00:00","dateModified":"2023-12-22T10:53:39+00:00","breadcrumb":{"@id":"https:\/\/www.resilient-group.eu\/de\/jobs\/#breadcrumb"},"inLanguage":"de","potentialAction":[{"@type":"ReadAction","target":["https:\/\/www.resilient-group.eu\/de\/jobs\/"]}]},{"@type":"BreadcrumbList","@id":"https:\/\/www.resilient-group.eu\/de\/jobs\/#breadcrumb","itemListElement":[{"@type":"ListItem","position":1,"name":"Startseite","item":"https:\/\/www.resilient-group.eu\/de\/"},{"@type":"ListItem","position":2,"name":"Jobs"}]},{"@type":"WebSite","@id":"https:\/\/www.resilient-group.eu\/de\/#website","url":"https:\/\/www.resilient-group.eu\/de\/","name":"Resilient Group","description":"","publisher":{"@id":"https:\/\/www.resilient-group.eu\/de\/#organization"},"potentialAction":[{"@type":"SearchAction","target":{"@type":"EntryPoint","urlTemplate":"https:\/\/www.resilient-group.eu\/de\/?s={search_term_string}"},"query-input":"required name=search_term_string"}],"inLanguage":"de"},{"@type":"Organization","@id":"https:\/\/www.resilient-group.eu\/de\/#organization","name":"Resilient Group GmbH","url":"https:\/\/www.resilient-group.eu\/de\/","logo":{"@type":"ImageObject","inLanguage":"de","@id":"https:\/\/www.resilient-group.eu\/de\/#\/schema\/logo\/image\/","url":"https:\/\/www.resilient-group.eu\/wp-content\/uploads\/2023\/07\/SmallLogoBW.png","contentUrl":"https:\/\/www.resilient-group.eu\/wp-content\/uploads\/2023\/07\/SmallLogoBW.png","width":500,"height":302,"caption":"Resilient Group GmbH"},"image":{"@id":"https:\/\/www.resilient-group.eu\/de\/#\/schema\/logo\/image\/"},"sameAs":["https:\/\/www.linkedin.com\/in\/marc-bachmann-resilient-group\/?originalSubdomain=de","https:\/\/www.youtube.com\/@reload_works"]}]}},"_links":{"self":[{"href":"https:\/\/www.resilient-group.eu\/de\/wp-json\/wp\/v2\/pages\/114","targetHints":{"allow":["GET"]}}],"collection":[{"href":"https:\/\/www.resilient-group.eu\/de\/wp-json\/wp\/v2\/pages"}],"about":[{"href":"https:\/\/www.resilient-group.eu\/de\/wp-json\/wp\/v2\/types\/page"}],"author":[{"embeddable":true,"href":"https:\/\/www.resilient-group.eu\/de\/wp-json\/wp\/v2\/users\/1"}],"replies":[{"embeddable":true,"href":"https:\/\/www.resilient-group.eu\/de\/wp-json\/wp\/v2\/comments?post=114"}],"version-history":[{"count":4,"href":"https:\/\/www.resilient-group.eu\/de\/wp-json\/wp\/v2\/pages\/114\/revisions"}],"predecessor-version":[{"id":484,"href":"https:\/\/www.resilient-group.eu\/de\/wp-json\/wp\/v2\/pages\/114\/revisions\/484"}],"wp:featuredmedia":[{"embeddable":true,"href":"https:\/\/www.resilient-group.eu\/de\/wp-json\/wp\/v2\/media\/96"}],"wp:attachment":[{"href":"https:\/\/www.resilient-group.eu\/de\/wp-json\/wp\/v2\/media?parent=114"}],"curies":[{"name":"wp","href":"https:\/\/api.w.org\/{rel}","templated":true}]}}