{"id":101,"date":"2021-10-05T14:22:46","date_gmt":"2021-10-05T12:22:46","guid":{"rendered":"https:\/\/www.resilient-group.eu\/?page_id=101"},"modified":"2023-10-24T14:30:03","modified_gmt":"2023-10-24T12:30:03","slug":"cs","status":"publish","type":"page","link":"https:\/\/www.resilient-group.eu\/de\/cs\/","title":{"rendered":"Cloud Solutions"},"content":{"rendered":"\n<p>Wir glauben, der Faktor Mensch macht auch in der Cloud sowie in der Automatisierung einen entscheidenden Unterschied. Die Welt ver\u00e4ndert sich zu schnell um einmal eingef\u00fchrte Prozesse, Aufgaben oder Automatismen f\u00fcr l\u00e4ngere Zeit nicht ver\u00e4ndern zu m\u00fcssen.<\/p>\n\n\n\n<p>Die Cloud Solutions ist ein innovativer und spezialisierter IT-Dienstleister. Wir unterst\u00fctzen Unternehmen beim Verbessern ihrer Prozesse durch \u201eState of the Art\u201c-Cloud-L\u00f6sungen. Unser Projektmanagement setzt dabei auf agile Ans\u00e4tze wie SCRUM und Kanban. Diese Philosophie wird durch unser ausgepr\u00e4gtes DevOps Mindset erg\u00e4nzt und bildet in der Gesamtheit die Leitlinien f\u00fcr unsere Unternehmenskultur. Dies erm\u00f6glicht uns ein flexibles und zielgerichtetes Agieren, wodurch wir unseren Kunden schnelle, individualisierte und sichere L\u00f6sungen f\u00fcr die verschiedensten Anforderungen bieten k\u00f6nnen.<\/p>\n\n\n\n<p>Cloud Solutions ist ein verl\u00e4sslicher und effektiver Partner. Egal, ob es sich um den Aufbau neuer Infrastruktur in der Cloud oder um Dienstleistungen f\u00fcr bereits bestehende Systeme handelt! Wir k\u00f6nnen bedarfsabh\u00e4ngig auf Kundenw\u00fcnsche eingehen. Deshalb ist es uns auch m\u00f6glich, bisherige Infrastrukturen in die Cloud als auch bestehende Architekturen in eine Micro-Service Architektur zu migrieren.<\/p>\n\n\n\n<p>Unsere innovativen L\u00f6sungen beschr\u00e4nken sich keineswegs auf das Bereitstellen von Rechenleistung oder auf das Aufsetzen virtueller Maschinen. Wir bieten deutlich mehr als Infrastructure as a service (Iaas). Diese betrachten wir ohnehin nur als kurzfristige \u00dcbergangsl\u00f6sung. Unser Hauptaugenmerk liegt auf der Symbiose verschiedener Clouddienst-Vorteile. Wir kombinieren unsere Ans\u00e4tze, um den gr\u00f6\u00dftm\u00f6glichem Nutzen zur Verf\u00fcgung stellen zu k\u00f6nnen. Cloud Solutions minimiert somit die Kosten und den Aufwand und maximiert gleichzeitig die Wertsch\u00f6pfung. Dank unserer effizient arbeitenden Experten kann der Prozess der firmeninternen Expertisenbildung \u00fcbersprungen und die Transformation direkt begonnen werden.<\/p>\n\n\n\n<p>Unser dynamisches Team wird der stark wachsende Nachfrage im Bereich der Kubernetes-Cluster gerecht. Wir wissen auch, dass der Aufbau von Expertise selten mit der finanziellen Komponente Schritt halten kann. Denn obwohl die immer st\u00e4rkere Verbreitung eine produktive Nutzung f\u00fcr mehr Firmen erschwinglich werden l\u00e4sst, ist die Expertengewinnung langwierig. Aus diesem Grunde bieten wir von der Beratungs- bis zur Setupdienstleistung eine breite Palette an. Der Aufbau eines individuellen Tech-Stacks orientiert sich hierbei an den Anforderungen unserer Kunden. In diesem Zusammenhang bieten wir auch Beratung im Bereich des Aufbaus und der Implementierung einer Micro-Service Architektur an.<\/p>\n\n\n\n<p>Cloud-Architekturen stellen einen weiteren wichtigen Aspekt in unserem Portfolio dar. Dabei sind wir sowohl beratend als auch in der Validierung von Cloud-Architektur t\u00e4tig. Durch die Konzepte Continuous Integration(CI) und Continuous Delivery (CD) k\u00f6nnen wir bei unseren Beratungen die Probleme der Codeintegration umgehen. Die Integrationsh\u00f6lle ist f\u00fcr unsere Kunden somit ein Gespenst der Vergangenheit. Wir bieten mit diesen Konzepten den Aufbau eines Entwicklungs- \/ Development Tech-Stacks an. Dabei binden wir die NodeJS Services f\u00fcr das bestm\u00f6gliche Ergebnis ein.<\/p>\n\n\n\n<p>Cloud Solutions bietet dar\u00fcber hinaus Schulungen f\u00fcr Mitarbeitern an, um die von uns empfohlenen und bereitgestellten Services bestm\u00f6glich nutzen zu k\u00f6nnen und die Unternehmens-IT ideal aufzustellen. Der Wissenstransfer von unseren Experten zu denen unserer Kunden beschleunigt den internen Expertisenaufbau. So unterst\u00fctzen wir unsere Kunden dabei den Anlauf der neuen Hard- und Software fehlerfrei zu gestalten.<\/p>\n\n\n\n<div style=\"height:74px\" aria-hidden=\"true\" class=\"wp-block-spacer\"><\/div>\n\n\n\n<div class=\"wp-block-buttons has-custom-font-size has-medium-font-size is-horizontal is-content-justification-center is-layout-flex wp-container-core-buttons-is-layout-499968f5 wp-block-buttons-is-layout-flex\">\n<div class=\"wp-block-button has-custom-width wp-block-button__width-50 margin:10px\"><a class=\"wp-block-button__link has-text-align-center wp-element-button\" href=\"https:\/\/www.resilient-group.eu\/de\/cloud-solutions\/support\/\">Support Anfragen<\/a><\/div>\n<\/div>\n","protected":false},"excerpt":{"rendered":"<p>Wir glauben, der Faktor Mensch macht auch in der Cloud sowie in der Automatisierung einen entscheidenden Unterschied. Die Welt ver\u00e4ndert sich zu schnell um einmal eingef\u00fchrte Prozesse, Aufgaben oder Automatismen f\u00fcr l\u00e4ngere Zeit nicht ver\u00e4ndern zu m\u00fcssen. Die Cloud Solutions ist ein innovativer und spezialisierter IT-Dienstleister. Wir unterst\u00fctzen Unternehmen beim Verbessern ihrer Prozesse durch \u201eState [&hellip;]<\/p>\n","protected":false},"author":1,"featured_media":102,"parent":0,"menu_order":0,"comment_status":"closed","ping_status":"closed","template":"tmpl_rg_page.php","meta":{"footnotes":""},"class_list":["post-101","page","type-page","status-publish","has-post-thumbnail","hentry"],"yoast_head":"<!-- This site is optimized with the Yoast SEO plugin v20.12 - https:\/\/yoast.com\/wordpress\/plugins\/seo\/ -->\n<title>Cloud Solutions - Resilient Group<\/title>\n<meta name=\"robots\" content=\"index, follow, max-snippet:-1, max-image-preview:large, max-video-preview:-1\" \/>\n<link rel=\"canonical\" href=\"https:\/\/www.resilient-group.eu\/de\/cs\/\" \/>\n<meta property=\"og:locale\" content=\"de_DE\" \/>\n<meta property=\"og:type\" content=\"article\" \/>\n<meta property=\"og:title\" content=\"Cloud Solutions - Resilient Group\" \/>\n<meta property=\"og:description\" content=\"Wir glauben, der Faktor Mensch macht auch in der Cloud sowie in der Automatisierung einen entscheidenden Unterschied. Die Welt ver\u00e4ndert sich zu schnell um einmal eingef\u00fchrte Prozesse, Aufgaben oder Automatismen f\u00fcr l\u00e4ngere Zeit nicht ver\u00e4ndern zu m\u00fcssen. Die Cloud Solutions ist ein innovativer und spezialisierter IT-Dienstleister. Wir unterst\u00fctzen Unternehmen beim Verbessern ihrer Prozesse durch \u201eState [&hellip;]\" \/>\n<meta property=\"og:url\" content=\"https:\/\/www.resilient-group.eu\/de\/cs\/\" \/>\n<meta property=\"og:site_name\" content=\"Resilient Group\" \/>\n<meta property=\"article:modified_time\" content=\"2023-10-24T12:30:03+00:00\" \/>\n<meta property=\"og:image\" content=\"https:\/\/www.resilient-group.eu\/wp-content\/uploads\/2021\/10\/Illustration-Cloud-Solutions.png\" \/>\n\t<meta property=\"og:image:width\" content=\"1160\" \/>\n\t<meta property=\"og:image:height\" content=\"895\" \/>\n\t<meta property=\"og:image:type\" content=\"image\/png\" \/>\n<meta name=\"twitter:card\" content=\"summary_large_image\" \/>\n<meta name=\"twitter:label1\" content=\"Gesch\u00e4tzte Lesezeit\" \/>\n\t<meta name=\"twitter:data1\" content=\"3 Minuten\" \/>\n<script type=\"application\/ld+json\" class=\"yoast-schema-graph\">{\"@context\":\"https:\/\/schema.org\",\"@graph\":[{\"@type\":\"WebPage\",\"@id\":\"https:\/\/www.resilient-group.eu\/de\/cs\/\",\"url\":\"https:\/\/www.resilient-group.eu\/de\/cs\/\",\"name\":\"Cloud Solutions - Resilient Group\",\"isPartOf\":{\"@id\":\"https:\/\/www.resilient-group.eu\/de\/#website\"},\"datePublished\":\"2021-10-05T12:22:46+00:00\",\"dateModified\":\"2023-10-24T12:30:03+00:00\",\"breadcrumb\":{\"@id\":\"https:\/\/www.resilient-group.eu\/de\/cs\/#breadcrumb\"},\"inLanguage\":\"de-DE\",\"potentialAction\":[{\"@type\":\"ReadAction\",\"target\":[\"https:\/\/www.resilient-group.eu\/de\/cs\/\"]}]},{\"@type\":\"BreadcrumbList\",\"@id\":\"https:\/\/www.resilient-group.eu\/de\/cs\/#breadcrumb\",\"itemListElement\":[{\"@type\":\"ListItem\",\"position\":1,\"name\":\"Startseite\",\"item\":\"https:\/\/www.resilient-group.eu\/de\/\"},{\"@type\":\"ListItem\",\"position\":2,\"name\":\"Cloud Solutions\"}]},{\"@type\":\"WebSite\",\"@id\":\"https:\/\/www.resilient-group.eu\/de\/#website\",\"url\":\"https:\/\/www.resilient-group.eu\/de\/\",\"name\":\"Resilient Group\",\"description\":\"\",\"publisher\":{\"@id\":\"https:\/\/www.resilient-group.eu\/de\/#organization\"},\"potentialAction\":[{\"@type\":\"SearchAction\",\"target\":{\"@type\":\"EntryPoint\",\"urlTemplate\":\"https:\/\/www.resilient-group.eu\/de\/?s={search_term_string}\"},\"query-input\":\"required name=search_term_string\"}],\"inLanguage\":\"de-DE\"},{\"@type\":\"Organization\",\"@id\":\"https:\/\/www.resilient-group.eu\/de\/#organization\",\"name\":\"Resilient Group GmbH\",\"url\":\"https:\/\/www.resilient-group.eu\/de\/\",\"logo\":{\"@type\":\"ImageObject\",\"inLanguage\":\"de-DE\",\"@id\":\"https:\/\/www.resilient-group.eu\/de\/#\/schema\/logo\/image\/\",\"url\":\"https:\/\/www.resilient-group.eu\/wp-content\/uploads\/2023\/07\/SmallLogoBW.png\",\"contentUrl\":\"https:\/\/www.resilient-group.eu\/wp-content\/uploads\/2023\/07\/SmallLogoBW.png\",\"width\":500,\"height\":302,\"caption\":\"Resilient Group GmbH\"},\"image\":{\"@id\":\"https:\/\/www.resilient-group.eu\/de\/#\/schema\/logo\/image\/\"},\"sameAs\":[\"https:\/\/www.linkedin.com\/in\/marc-bachmann-resilient-group\/?originalSubdomain=de\",\"https:\/\/www.youtube.com\/@reload_works\"]}]}<\/script>\n<!-- \/ Yoast SEO plugin. -->","yoast_head_json":{"title":"Cloud Solutions - Resilient Group","robots":{"index":"index","follow":"follow","max-snippet":"max-snippet:-1","max-image-preview":"max-image-preview:large","max-video-preview":"max-video-preview:-1"},"canonical":"https:\/\/www.resilient-group.eu\/de\/cs\/","og_locale":"de_DE","og_type":"article","og_title":"Cloud Solutions - Resilient Group","og_description":"Wir glauben, der Faktor Mensch macht auch in der Cloud sowie in der Automatisierung einen entscheidenden Unterschied. Die Welt ver\u00e4ndert sich zu schnell um einmal eingef\u00fchrte Prozesse, Aufgaben oder Automatismen f\u00fcr l\u00e4ngere Zeit nicht ver\u00e4ndern zu m\u00fcssen. Die Cloud Solutions ist ein innovativer und spezialisierter IT-Dienstleister. Wir unterst\u00fctzen Unternehmen beim Verbessern ihrer Prozesse durch \u201eState [&hellip;]","og_url":"https:\/\/www.resilient-group.eu\/de\/cs\/","og_site_name":"Resilient Group","article_modified_time":"2023-10-24T12:30:03+00:00","og_image":[{"width":1160,"height":895,"url":"https:\/\/www.resilient-group.eu\/wp-content\/uploads\/2021\/10\/Illustration-Cloud-Solutions.png","type":"image\/png"}],"twitter_card":"summary_large_image","twitter_misc":{"Gesch\u00e4tzte Lesezeit":"3 Minuten"},"schema":{"@context":"https:\/\/schema.org","@graph":[{"@type":"WebPage","@id":"https:\/\/www.resilient-group.eu\/de\/cs\/","url":"https:\/\/www.resilient-group.eu\/de\/cs\/","name":"Cloud Solutions - Resilient Group","isPartOf":{"@id":"https:\/\/www.resilient-group.eu\/de\/#website"},"datePublished":"2021-10-05T12:22:46+00:00","dateModified":"2023-10-24T12:30:03+00:00","breadcrumb":{"@id":"https:\/\/www.resilient-group.eu\/de\/cs\/#breadcrumb"},"inLanguage":"de-DE","potentialAction":[{"@type":"ReadAction","target":["https:\/\/www.resilient-group.eu\/de\/cs\/"]}]},{"@type":"BreadcrumbList","@id":"https:\/\/www.resilient-group.eu\/de\/cs\/#breadcrumb","itemListElement":[{"@type":"ListItem","position":1,"name":"Startseite","item":"https:\/\/www.resilient-group.eu\/de\/"},{"@type":"ListItem","position":2,"name":"Cloud Solutions"}]},{"@type":"WebSite","@id":"https:\/\/www.resilient-group.eu\/de\/#website","url":"https:\/\/www.resilient-group.eu\/de\/","name":"Resilient Group","description":"","publisher":{"@id":"https:\/\/www.resilient-group.eu\/de\/#organization"},"potentialAction":[{"@type":"SearchAction","target":{"@type":"EntryPoint","urlTemplate":"https:\/\/www.resilient-group.eu\/de\/?s={search_term_string}"},"query-input":"required name=search_term_string"}],"inLanguage":"de-DE"},{"@type":"Organization","@id":"https:\/\/www.resilient-group.eu\/de\/#organization","name":"Resilient Group GmbH","url":"https:\/\/www.resilient-group.eu\/de\/","logo":{"@type":"ImageObject","inLanguage":"de-DE","@id":"https:\/\/www.resilient-group.eu\/de\/#\/schema\/logo\/image\/","url":"https:\/\/www.resilient-group.eu\/wp-content\/uploads\/2023\/07\/SmallLogoBW.png","contentUrl":"https:\/\/www.resilient-group.eu\/wp-content\/uploads\/2023\/07\/SmallLogoBW.png","width":500,"height":302,"caption":"Resilient Group GmbH"},"image":{"@id":"https:\/\/www.resilient-group.eu\/de\/#\/schema\/logo\/image\/"},"sameAs":["https:\/\/www.linkedin.com\/in\/marc-bachmann-resilient-group\/?originalSubdomain=de","https:\/\/www.youtube.com\/@reload_works"]}]}},"_links":{"self":[{"href":"https:\/\/www.resilient-group.eu\/de\/wp-json\/wp\/v2\/pages\/101","targetHints":{"allow":["GET"]}}],"collection":[{"href":"https:\/\/www.resilient-group.eu\/de\/wp-json\/wp\/v2\/pages"}],"about":[{"href":"https:\/\/www.resilient-group.eu\/de\/wp-json\/wp\/v2\/types\/page"}],"author":[{"embeddable":true,"href":"https:\/\/www.resilient-group.eu\/de\/wp-json\/wp\/v2\/users\/1"}],"replies":[{"embeddable":true,"href":"https:\/\/www.resilient-group.eu\/de\/wp-json\/wp\/v2\/comments?post=101"}],"version-history":[{"count":7,"href":"https:\/\/www.resilient-group.eu\/de\/wp-json\/wp\/v2\/pages\/101\/revisions"}],"predecessor-version":[{"id":459,"href":"https:\/\/www.resilient-group.eu\/de\/wp-json\/wp\/v2\/pages\/101\/revisions\/459"}],"wp:featuredmedia":[{"embeddable":true,"href":"https:\/\/www.resilient-group.eu\/de\/wp-json\/wp\/v2\/media\/102"}],"wp:attachment":[{"href":"https:\/\/www.resilient-group.eu\/de\/wp-json\/wp\/v2\/media?parent=101"}],"curies":[{"name":"wp","href":"https:\/\/api.w.org\/{rel}","templated":true}]}}